{"id":109,"date":"2021-02-10T18:59:17","date_gmt":"2021-02-10T18:59:17","guid":{"rendered":"https:\/\/www.maximtubes.com\/de\/?page_id=109"},"modified":"2021-09-07T05:00:42","modified_gmt":"2021-09-07T05:00:42","slug":"industries-application","status":"publish","type":"page","link":"https:\/\/www.maximtubes.com\/de\/industries-application\/","title":{"rendered":"Branchen &#038; Anwendung"},"content":{"rendered":"<section id=\"main-container\" class=\"padding\">\r\n                <div id=\"pg-industries\" class=\"content\">\r\n                    <div class=\"container\">\r\n                        <h2 class=\"title\"><span>Leistungs<em>maxim<\/em>ierung<\/span>Mit vielf\u00e4ltiger Branchenerfahrung und Produktanwendungen<\/h2>\r\n                        <div class=\"row\">\r\n                            <div class=\"col-md-8 col-lg-7\">\r\n                                <p>Unsere umfangreiche Erfahrung in einem Spektrum von Branchen erm\u00f6glicht es uns, verschiedene Industrien mit Pr\u00e4zisionsrohren und -leitungen zu versorgen, die selbst die h\u00e4rtesten Anwendungen problemlos bew\u00e4ltigen k\u00f6nnen. Unsere breite Palette an Rohr- und Schlauchl\u00f6sungen entspricht den neuesten globalen Industriestandards wie ASTM, ASME, DIN EN usw. und eignet sich f\u00fcr vielf\u00e4ltige Anwendungen in einem breiteren Spektrum von Branchen. Mit unserer au\u00dfergew\u00f6hnlich entwickelten Kompetenz und Expertise bieten wir auch branchenspezifische L\u00f6sungen an, die \u00dcberlegungen zu branchenspezifischen Best Practices einbeziehen. Wir konzentrieren uns speziell auf die besonderen Bed\u00fcrfnisse des Nischenmarktes aller aufstrebenden Sektoren wie z. B.:<\/p>\r\n                                <ul class=\"ListStyle1\">\r\n                                    <li>Onshore- und Offshore-\u00d6l- und Gasproduktion, Exploration und Transportindustrie (OCTG &#8211; Oil Country Tubular Goods)<\/li>\r\n        <li>W\u00e4rmetauscher, Verfl\u00fcssiger &#038; Druckbeh\u00e4lter<\/li>\r\n        <li>Chemische und petrochemische Industrie<\/li>\r\n        <li>Kernenergie und Energieerzeugung<\/li>\r\n        <li>Autoindustrie<\/li>\r\n        <li>Luft- und Raumfahrtindustrie<\/li>\r\n        <li>Schifffahrtsindustrie &#038; Schiffstechnik<\/li>\r\n        <li>Maschinen- und Anlagenbau<\/li>\r\n        <li>Verfl\u00fcssigungsprojekte<\/li>\r\n        <li>Eisenbahn<\/li>\r\n        <li>Kryogenik<\/li>\r\n        <li>D\u00fcngemittel<\/li>\r\n        <li>Heizungsanlage zentralisieren<\/li>\r\n                                <\/ul>\r\n                            <\/div>\r\n                            <div class=\"col-md-4 col-lg-5\">\r\n                                <div class=\"pic\"><img decoding=\"async\" src=\"https:\/\/www.maximtubes.com\/de\/wp-content\/uploads\/2021\/02\/industries-and-application-pic.jpg\" alt=\"industries-and-application-pic\" class=\"img-fluid\"><\/div>\r\n                            <\/div>\r\n                        <\/div>\r\n\r\n                        <img decoding=\"async\" src=\"https:\/\/www.maximtubes.com\/de\/wp-content\/uploads\/2021\/02\/industries-and-application-collage.png\" alt=\"industries-and-application-collage\" class=\"img-fluid mt-5\">\r\n                    <\/div>\r\n                <\/div>\r\n            <\/section>","protected":false},"excerpt":{"rendered":"<p>LeistungsmaximierungMit vielf\u00e4ltiger Branchenerfahrung und Produktanwendungen Unsere umfangreiche Erfahrung in einem Spektrum von Branchen erm\u00f6glicht es uns, verschiedene Industrien mit Pr\u00e4zisionsrohren und -leitungen zu versorgen, die selbst die h\u00e4rtesten Anwendungen problemlos bew\u00e4ltigen k\u00f6nnen. Unsere breite Palette an Rohr- und Schlauchl\u00f6sungen entspricht den neuesten globalen Industriestandards wie ASTM, ASME, DIN EN usw. und eignet sich f\u00fcr vielf\u00e4ltige&hellip; <a class=\"more-link\" href=\"https:\/\/www.maximtubes.com\/de\/industries-application\/\">Continue reading <span class=\"screen-reader-text\">Branchen &#038; Anwendung<\/span><\/a><\/p>\n","protected":false},"author":1,"featured_media":113,"parent":0,"menu_order":0,"comment_status":"closed","ping_status":"closed","template":"","meta":{"footnotes":""},"class_list":["post-109","page","type-page","status-publish","has-post-thumbnail","hentry","entry"],"_links":{"self":[{"href":"https:\/\/www.maximtubes.com\/de\/wp-json\/wp\/v2\/pages\/109","targetHints":{"allow":["GET"]}}],"collection":[{"href":"https:\/\/www.maximtubes.com\/de\/wp-json\/wp\/v2\/pages"}],"about":[{"href":"https:\/\/www.maximtubes.com\/de\/wp-json\/wp\/v2\/types\/page"}],"author":[{"embeddable":true,"href":"https:\/\/www.maximtubes.com\/de\/wp-json\/wp\/v2\/users\/1"}],"replies":[{"embeddable":true,"href":"https:\/\/www.maximtubes.com\/de\/wp-json\/wp\/v2\/comments?post=109"}],"version-history":[{"count":4,"href":"https:\/\/www.maximtubes.com\/de\/wp-json\/wp\/v2\/pages\/109\/revisions"}],"predecessor-version":[{"id":359,"href":"https:\/\/www.maximtubes.com\/de\/wp-json\/wp\/v2\/pages\/109\/revisions\/359"}],"wp:featuredmedia":[{"embeddable":true,"href":"https:\/\/www.maximtubes.com\/de\/wp-json\/wp\/v2\/media\/113"}],"wp:attachment":[{"href":"https:\/\/www.maximtubes.com\/de\/wp-json\/wp\/v2\/media?parent=109"}],"curies":[{"name":"wp","href":"https:\/\/api.w.org\/{rel}","templated":true}]}}