{"id":109,"date":"2021-02-10T18:59:17","date_gmt":"2021-02-10T18:59:17","guid":{"rendered":"https:\/\/www.maximtubes.com\/fr\/?page_id=109"},"modified":"2021-03-06T06:34:13","modified_gmt":"2021-03-06T06:34:13","slug":"industries-application","status":"publish","type":"page","link":"https:\/\/www.maximtubes.com\/fr\/industries-application\/","title":{"rendered":"Industries &#038; Application"},"content":{"rendered":"<section id=\"main-container\" class=\"padding\">\r\n                <div id=\"pg-industries\" class=\"content\">\r\n                    <div class=\"container\">\r\n                        <h2 class=\"title\"><span>DES PERFORMANCES <em>MAXIM<\/em>ALES<\/span>Avec des Applications Produit &#038; une Exp\u00e9rience de l\u2019Industrie Diverses<\/h2>\r\n                        <div class=\"row\">\r\n                            <div class=\"col-md-8 col-lg-7\">\r\n                                <p>Notre exp\u00e9rience approfondie sur une plage enti\u00e8re d&#8217;industries nous permet de renforcer diverses industries avec des tubes &#038; des tuyaux de pr\u00e9cision pouvant supporter les conditions les plus difficiles sans probl\u00e8me. Notre large gamme de solutions de tuyauterie &#038; tubulaires sont conformes avec les derni\u00e8res normes globales de l\u2019industrie comme l\u2019ASTM, l\u2019ASME, le DIN EN, etc. et sont adapt\u00e9s \u00e0 des applications vari\u00e9es dans une large gamme d&#8217;industries. Avec notre expertise et nos comp\u00e9tences tr\u00e8s fortement d\u00e9velopp\u00e9es, nous fournissons \u00e9galement des solutions sp\u00e9cifiques \u00e0 chaque industrie, qui comportent des consid\u00e9rations pour les meilleurs pratiques sp\u00e9cifiques \u00e0 ces industries. Nous nous concentrons sp\u00e9cialement sur les besoins sp\u00e9ciaux de march\u00e9s de niche sur tous les secteurs \u00e9mergents comme :<\/p>\r\n                                <ul class=\"ListStyle1\">\r\n                                    <li>Industrie de Production de Gaz et de P\u00e9trol Onshore et Offshore, Exploration et Transport (OCTG &#8211; Oil Country Tubular Goods)<\/li>\r\n                                    <li>\u00c9changeurs de Chaleur, Condensateurs &#038; R\u00e9servoirs sous Pression<\/li>\r\n                                    <li>Industrie Chimique &#038; P\u00e9trochimique<\/li>\r\n                                    <li>\u00c9nergie Nucl\u00e9aire &#038; G\u00e9n\u00e9ration d\u2019\u00c9nergie<\/li>\r\n                                    <li>Industrie Automobile<\/li>\r\n                                    <li>Industrie A\u00e9ronautique<\/li>\r\n                                    <li>Industrie du Transport &#038; Ing\u00e9nierie Navale<\/li>\r\n                                    <li>Ing\u00e9nierie M\u00e9canique &#038; G\u00e9nie Industriel<\/li>\r\n                                    <li>Projets de Liqu\u00e9faction<\/li>\r\n                                    <li>Chemin de fer<\/li>\r\n                                    <li>Cryog\u00e9nie<\/li>\r\n                                    <li>Engrais<\/li>\r\n                                    <li>Syst\u00e8mes de Chauffage Centralis\u00e9s<\/li>\r\n                                <\/ul>\r\n                            <\/div>\r\n                            <div class=\"col-md-4 col-lg-5\">\r\n                                <div class=\"pic\"><img decoding=\"async\" src=\"https:\/\/www.maximtubes.com\/fr\/wp-content\/uploads\/2021\/02\/industries-and-application-pic.jpg\" alt=\"industries-and-application-pic\" class=\"img-fluid\"><\/div>\r\n                            <\/div>\r\n                        <\/div>\r\n\r\n                        <img decoding=\"async\" src=\"https:\/\/www.maximtubes.com\/fr\/wp-content\/uploads\/2021\/02\/industries-and-application-collage.png\" alt=\"industries-and-application-collage\" class=\"img-fluid mt-5\">\r\n                    <\/div>\r\n                <\/div>\r\n            <\/section>","protected":false},"excerpt":{"rendered":"<p>DES PERFORMANCES MAXIMALESAvec des Applications Produit &#038; une Exp\u00e9rience de l\u2019Industrie Diverses Notre exp\u00e9rience approfondie sur une plage enti\u00e8re d&#8217;industries nous permet de renforcer diverses industries avec des tubes &#038; des tuyaux de pr\u00e9cision pouvant supporter les conditions les plus difficiles sans probl\u00e8me. Notre large gamme de solutions de tuyauterie &#038; tubulaires sont conformes avec&hellip; <a class=\"more-link\" href=\"https:\/\/www.maximtubes.com\/fr\/industries-application\/\">Continue reading <span class=\"screen-reader-text\">Industries &#038; Application<\/span><\/a><\/p>\n","protected":false},"author":1,"featured_media":113,"parent":0,"menu_order":0,"comment_status":"closed","ping_status":"closed","template":"","meta":{"footnotes":""},"class_list":["post-109","page","type-page","status-publish","has-post-thumbnail","hentry","entry"],"_links":{"self":[{"href":"https:\/\/www.maximtubes.com\/fr\/wp-json\/wp\/v2\/pages\/109","targetHints":{"allow":["GET"]}}],"collection":[{"href":"https:\/\/www.maximtubes.com\/fr\/wp-json\/wp\/v2\/pages"}],"about":[{"href":"https:\/\/www.maximtubes.com\/fr\/wp-json\/wp\/v2\/types\/page"}],"author":[{"embeddable":true,"href":"https:\/\/www.maximtubes.com\/fr\/wp-json\/wp\/v2\/users\/1"}],"replies":[{"embeddable":true,"href":"https:\/\/www.maximtubes.com\/fr\/wp-json\/wp\/v2\/comments?post=109"}],"version-history":[{"count":3,"href":"https:\/\/www.maximtubes.com\/fr\/wp-json\/wp\/v2\/pages\/109\/revisions"}],"predecessor-version":[{"id":331,"href":"https:\/\/www.maximtubes.com\/fr\/wp-json\/wp\/v2\/pages\/109\/revisions\/331"}],"wp:featuredmedia":[{"embeddable":true,"href":"https:\/\/www.maximtubes.com\/fr\/wp-json\/wp\/v2\/media\/113"}],"wp:attachment":[{"href":"https:\/\/www.maximtubes.com\/fr\/wp-json\/wp\/v2\/media?parent=109"}],"curies":[{"name":"wp","href":"https:\/\/api.w.org\/{rel}","templated":true}]}}