{"id":168,"date":"2021-02-15T18:21:24","date_gmt":"2021-02-15T18:21:24","guid":{"rendered":"https:\/\/www.maximtubes.com\/fr\/?page_id=168"},"modified":"2021-03-06T11:38:22","modified_gmt":"2021-03-06T11:38:22","slug":"news-events","status":"publish","type":"page","link":"https:\/\/www.maximtubes.com\/fr\/news-events\/","title":{"rendered":"Actualit\u00e9s &#038; \u00c9v\u00e8nements"},"content":{"rendered":"<section id=\"main-container\" class=\"padding\">\r\n<div id=\"pg-news-events\" class=\"content\">\r\n        <div class=\"container\">\r\n            <div class=\"row\">\r\n                <div class=\"col\">\r\n                    <div class=\"item\">\r\n                        <div class=\"row\">            \r\n                                                                <div class=\"col-md-4\">\r\n                                        <a href=\"javascript:;\" class=\"block\">\r\n                                            <span class=\"img-wrapper d-flex align-items-center\">\r\n                                                <img decoding=\"async\" src=\"https:\/\/www.maximtubes.com\/fr\/wp-content\/uploads\/2023\/01\/01.jpg\" alt=\"EEPC India Star Performer Award for Outstanding Export Performance\" class=\"img-fluid mx-auto\">\r\n                                            <\/span>\r\n                                            <span class=\"caption d-block\">\r\n                                                <span class=\"date d-block\">Jan 2023<\/span>                                                <span class=\"title-text d-block\">EEPC India Star Performer Award for Outstanding Export Performance<\/span>\r\n                                                <p>Smt. Anupriya Patel, Hon\u2019ble Minister of State for Commerce & Industry honouring Mr. Ramkrushna Patel with EEPC India Star Performer Award in Large Enterprise.<\/p>\r\n                                            <\/span>\r\n                                        <\/a>\r\n                                    <\/div>\r\n                                                                        <div class=\"col-md-4\">\r\n                                        <a href=\"javascript:;\" class=\"block\">\r\n                                            <span class=\"img-wrapper d-flex align-items-center\">\r\n                                                <img decoding=\"async\" src=\"https:\/\/www.maximtubes.com\/fr\/wp-content\/uploads\/2021\/03\/news-08.jpg\" alt=\"Stainless Steel World Conference &#038; Expo 2023 Maastricht, The Netherlands\" class=\"img-fluid mx-auto\">\r\n                                            <\/span>\r\n                                            <span class=\"caption d-block\">\r\n                                                <span class=\"date d-block\">Sep 2023<\/span>                                                <span class=\"title-text d-block\">Stainless Steel World Conference &#038; Expo 2023 Maastricht, The Netherlands<\/span>\r\n                                                <p>26<sup>th<\/sup> to 28<sup>th<\/sup> Sep. 2023<br> Stand No. D60<\/p>\r\n                                            <\/span>\r\n                                        <\/a>\r\n                                    <\/div>\r\n                                                                        <div class=\"col-md-4\">\r\n                                        <a href=\"javascript:;\" class=\"block\">\r\n                                            <span class=\"img-wrapper d-flex align-items-center\">\r\n                                                <img decoding=\"async\" src=\"https:\/\/www.maximtubes.com\/fr\/wp-content\/uploads\/2023\/01\/stainless2023.jpg\" alt=\"Stainless 2023 &#8211; 11th Int. Stainless Steel Exhibition Brno Exhibition Centre, Brno, Czech Republic\" class=\"img-fluid mx-auto\">\r\n                                            <\/span>\r\n                                            <span class=\"caption d-block\">\r\n                                                <span class=\"date d-block\">May 2023<\/span>                                                <span class=\"title-text d-block\">Stainless 2023 &#8211; 11th Int. Stainless Steel Exhibition Brno Exhibition Centre, Brno, Czech Republic<\/span>\r\n                                                <p>10<sup>th<\/sup> to 11<sup>th<\/sup> May 2023<br> Stand No. 52<\/p>\r\n                                            <\/span>\r\n                                        <\/a>\r\n                                    <\/div>\r\n                                                                        <div class=\"col-md-4\">\r\n                                        <a href=\"javascript:;\" class=\"block\">\r\n                                            <span class=\"img-wrapper d-flex align-items-center\">\r\n                                                <img decoding=\"async\" src=\"https:\/\/www.maximtubes.com\/fr\/wp-content\/uploads\/2021\/03\/news-08.jpg\" alt=\"Stainless Steel World Conference &#038; Expo 2022 Maastricht, The Netherlands\" class=\"img-fluid mx-auto\">\r\n                                            <\/span>\r\n                                            <span class=\"caption d-block\">\r\n                                                <span class=\"date d-block\">Sep 2022<\/span>                                                <span class=\"title-text d-block\">Stainless Steel World Conference &#038; Expo 2022 Maastricht, The Netherlands<\/span>\r\n                                                <p>27<sup>th<\/sup> to 29<sup>th<\/sup> Sep. 2022<br> Stand No. D60<\/p>\r\n                                            <\/span>\r\n                                        <\/a>\r\n                                    <\/div>\r\n                                                                        <div class=\"col-md-4\">\r\n                                        <a href=\"javascript:;\" class=\"block\">\r\n                                            <span class=\"img-wrapper d-flex align-items-center\">\r\n                                                <img decoding=\"async\" src=\"https:\/\/www.maximtubes.com\/fr\/wp-content\/uploads\/2021\/03\/news-010.jpg\" alt=\"International Tube &#038; Pipe Trade Fair Messe Dusseldorf, GERMANY\" class=\"img-fluid mx-auto\">\r\n                                            <\/span>\r\n                                            <span class=\"caption d-block\">\r\n                                                <span class=\"date d-block\">Jun 2022<\/span>                                                <span class=\"title-text d-block\">International Tube &#038; Pipe Trade Fair Messe Dusseldorf, GERMANY<\/span>\r\n                                                <p>20<sup>th<\/sup> 24<sup>th<\/sup> June 2022<br>Hall No. 03, Stall No. B30<\/p>\r\n                                            <\/span>\r\n                                        <\/a>\r\n                                    <\/div>\r\n                                                                        <div class=\"col-md-4\">\r\n                                        <a href=\"javascript:;\" class=\"block\">\r\n                                            <span class=\"img-wrapper d-flex align-items-center\">\r\n                                                <img decoding=\"async\" src=\"https:\/\/www.maximtubes.com\/fr\/wp-content\/uploads\/2021\/02\/news-01.jpg\" alt=\"EEPC National Award for EXPORT EXCELLENCE\" class=\"img-fluid mx-auto\">\r\n                                            <\/span>\r\n                                            <span class=\"caption d-block\">\r\n                                                                                                <span class=\"title-text d-block\">EEPC National Award for EXPORT EXCELLENCE<\/span>\r\n                                                <p>Smt. Nirmala Sitharaman, Minister of State for Commerce &amp; Industry, Govt. of India honoring Mr. Ramkrushna Patel with the EEPC National Award for EXPORT EXCELLENCE in Medium Enterprise.\"<\/p>\r\n                                            <\/span>\r\n                                        <\/a>\r\n                                    <\/div>\r\n                                                                        <div class=\"col-md-4\">\r\n                                        <a href=\"javascript:;\" class=\"block\">\r\n                                            <span class=\"img-wrapper d-flex align-items-center\">\r\n                                                <img decoding=\"async\" src=\"https:\/\/www.maximtubes.com\/fr\/wp-content\/uploads\/2021\/02\/news-02.jpg\" alt=\"EEPC India Gold Trophy for Top Exporter\" class=\"img-fluid mx-auto\">\r\n                                            <\/span>\r\n                                            <span class=\"caption d-block\">\r\n                                                                                                <span class=\"title-text d-block\">EEPC India Gold Trophy for Top Exporter<\/span>\r\n                                                <p>Honourable CM of Gujarat, Mrs Anandiben Patel, honouring Mr Ramkrushna Patel (Director, Export) with the EEPC India Gold Trophy for Top Exporter in Medium Enterprises.\"<\/p>\r\n                                            <\/span>\r\n                                        <\/a>\r\n                                    <\/div>\r\n                                                                        <div class=\"col-md-4\">\r\n                                        <a href=\"javascript:;\" class=\"block\">\r\n                                            <span class=\"img-wrapper d-flex align-items-center\">\r\n                                                <img decoding=\"async\" src=\"https:\/\/www.maximtubes.com\/fr\/wp-content\/uploads\/2021\/02\/news-013.jpg\" alt=\"EEPC India Star Performer Award for Top Exporter\" class=\"img-fluid mx-auto\">\r\n                                            <\/span>\r\n                                            <span class=\"caption d-block\">\r\n                                                                                                <span class=\"title-text d-block\">EEPC India Star Performer Award for Top Exporter<\/span>\r\n                                                <p>Mr. Suresh Prabhu honouring Mr. Ramkrushna Patel (Director, Export) with EEPC India Star Performer Award for Top Exporter in Medium Enterprise.<\/p>\r\n                                            <\/span>\r\n                                        <\/a>\r\n                                    <\/div>\r\n                                                                        <div class=\"col-md-4\">\r\n                                        <a href=\"javascript:;\" class=\"block\">\r\n                                            <span class=\"img-wrapper d-flex align-items-center\">\r\n                                                <img decoding=\"async\" src=\"https:\/\/www.maximtubes.com\/fr\/wp-content\/uploads\/2021\/03\/news-012.jpg\" alt=\"Maxim stakes it&#8217;s place as an A-list manufacturer\" class=\"img-fluid mx-auto\">\r\n                                            <\/span>\r\n                                            <span class=\"caption d-block\">\r\n                                                                                                <span class=\"title-text d-block\">Maxim stakes it&#8217;s place as an A-list manufacturer<\/span>\r\n                                                <p>Mr. Ramkrushna Patel - Director (Export) is the youngest person EVER to appear on Stainless Steel World Cover Story<\/p>\r\n                                            <\/span>\r\n                                        <\/a>\r\n                                    <\/div>\r\n                                                                        <div class=\"col-md-4\">\r\n                                        <a href=\"javascript:;\" class=\"block\">\r\n                                            <span class=\"img-wrapper d-flex align-items-center\">\r\n                                                <img decoding=\"async\" src=\"https:\/\/www.maximtubes.com\/fr\/wp-content\/uploads\/2021\/03\/news-08.jpg\" alt=\"Stainless Steel World Conference &#038; Expo 2019 Maastricht, Netherland\" class=\"img-fluid mx-auto\">\r\n                                            <\/span>\r\n                                            <span class=\"caption d-block\">\r\n                                                <span class=\"date d-block\">Nov 2019<\/span>                                                <span class=\"title-text d-block\">Stainless Steel World Conference &#038; Expo 2019 Maastricht, Netherland<\/span>\r\n                                                <p>26<sup>th<\/sup> Nov. to 28<sup>th<\/sup> Nov. 2019 Stand No. D60<\/p>\r\n                                            <\/span>\r\n                                        <\/a>\r\n                                    <\/div>\r\n                                                                        <div class=\"col-md-4\">\r\n                                        <a href=\"javascript:;\" class=\"block\">\r\n                                            <span class=\"img-wrapper d-flex align-items-center\">\r\n                                                <img decoding=\"async\" src=\"https:\/\/www.maximtubes.com\/fr\/wp-content\/uploads\/2021\/03\/news-09.jpg\" alt=\"Stainless 2019 &#8211; 10th Int. Stainless Steel Exhibition Brno Exhibition Centre, Brno, Czech Republic\" class=\"img-fluid mx-auto\">\r\n                                            <\/span>\r\n                                            <span class=\"caption d-block\">\r\n                                                <span class=\"date d-block\">May 2019<\/span>                                                <span class=\"title-text d-block\">Stainless 2019 &#8211; 10th Int. Stainless Steel Exhibition Brno Exhibition Centre, Brno, Czech Republic<\/span>\r\n                                                <p>15<sup>th<\/sup>-16<sup>th<\/sup> May 2019 Stand No. 81<\/p>\r\n                                            <\/span>\r\n                                        <\/a>\r\n                                    <\/div>\r\n                                                                        <div class=\"col-md-4\">\r\n                                        <a href=\"javascript:;\" class=\"block\">\r\n                                            <span class=\"img-wrapper d-flex align-items-center\">\r\n                                                <img decoding=\"async\" src=\"https:\/\/www.maximtubes.com\/fr\/wp-content\/uploads\/2021\/03\/news-010.jpg\" alt=\"International Tube &#038; Pipe Trade Fair Messe Dusseldorf, GERMANY\" class=\"img-fluid mx-auto\">\r\n                                            <\/span>\r\n                                            <span class=\"caption d-block\">\r\n                                                <span class=\"date d-block\">Apr 2018<\/span>                                                <span class=\"title-text d-block\">International Tube &#038; Pipe Trade Fair Messe Dusseldorf, GERMANY<\/span>\r\n                                                <p>16<sup>th<\/sup> April to 20<sup>th<\/sup> April 2018 Stand No. 03\/E14<\/p>\r\n                                            <\/span>\r\n                                        <\/a>\r\n                                    <\/div>\r\n                                                                        <div class=\"col-md-4\">\r\n                                        <a href=\"javascript:;\" class=\"block\">\r\n                                            <span class=\"img-wrapper d-flex align-items-center\">\r\n                                                <img decoding=\"async\" src=\"https:\/\/www.maximtubes.com\/fr\/wp-content\/uploads\/2021\/03\/news-08.jpg\" alt=\"Stainless Steel World Conference &#038; Expo 2017 Maastricht, Netherland\" class=\"img-fluid mx-auto\">\r\n                                            <\/span>\r\n                                            <span class=\"caption d-block\">\r\n                                                <span class=\"date d-block\">Nov 2017<\/span>                                                <span class=\"title-text d-block\">Stainless Steel World Conference &#038; Expo 2017 Maastricht, Netherland<\/span>\r\n                                                <p>28<sup>th<\/sup> Nov. to 30<sup>th<\/sup> Nov. 2017 Stand No. N360<\/p>\r\n                                            <\/span>\r\n                                        <\/a>\r\n                                    <\/div>\r\n                                                                        <div class=\"col-md-4\">\r\n                                        <a href=\"javascript:;\" class=\"block\">\r\n                                            <span class=\"img-wrapper d-flex align-items-center\">\r\n                                                <img decoding=\"async\" src=\"https:\/\/www.maximtubes.com\/fr\/wp-content\/uploads\/2021\/02\/news-03.jpg\" alt=\"Stainless 2017 &#8211; 9th Int. Stainless Steel Exhibition\" class=\"img-fluid mx-auto\">\r\n                                            <\/span>\r\n                                            <span class=\"caption d-block\">\r\n                                                <span class=\"date d-block\">May 2017<\/span>                                                <span class=\"title-text d-block\">Stainless 2017 &#8211; 9th Int. Stainless Steel Exhibition<\/span>\r\n                                                <p>17<sup>th<\/sup> May to 18<sup>th<\/sup> May 2017<\/p>\r\n                                            <\/span>\r\n                                        <\/a>\r\n                                    <\/div>\r\n                                                            <\/div>\r\n                    <\/div>\r\n                <\/div>\r\n            <\/div>\r\n        <\/div>\r\n        \r\n<\/div><\/section>","protected":false},"excerpt":{"rendered":"","protected":false},"author":1,"featured_media":169,"parent":0,"menu_order":0,"comment_status":"closed","ping_status":"closed","template":"","meta":{"footnotes":""},"class_list":["post-168","page","type-page","status-publish","has-post-thumbnail","hentry","entry"],"_links":{"self":[{"href":"https:\/\/www.maximtubes.com\/fr\/wp-json\/wp\/v2\/pages\/168","targetHints":{"allow":["GET"]}}],"collection":[{"href":"https:\/\/www.maximtubes.com\/fr\/wp-json\/wp\/v2\/pages"}],"about":[{"href":"https:\/\/www.maximtubes.com\/fr\/wp-json\/wp\/v2\/types\/page"}],"author":[{"embeddable":true,"href":"https:\/\/www.maximtubes.com\/fr\/wp-json\/wp\/v2\/users\/1"}],"replies":[{"embeddable":true,"href":"https:\/\/www.maximtubes.com\/fr\/wp-json\/wp\/v2\/comments?post=168"}],"version-history":[{"count":2,"href":"https:\/\/www.maximtubes.com\/fr\/wp-json\/wp\/v2\/pages\/168\/revisions"}],"predecessor-version":[{"id":342,"href":"https:\/\/www.maximtubes.com\/fr\/wp-json\/wp\/v2\/pages\/168\/revisions\/342"}],"wp:featuredmedia":[{"embeddable":true,"href":"https:\/\/www.maximtubes.com\/fr\/wp-json\/wp\/v2\/media\/169"}],"wp:attachment":[{"href":"https:\/\/www.maximtubes.com\/fr\/wp-json\/wp\/v2\/media?parent=168"}],"curies":[{"name":"wp","href":"https:\/\/api.w.org\/{rel}","templated":true}]}}