{"id":87,"date":"2021-02-10T17:45:34","date_gmt":"2021-02-10T17:45:34","guid":{"rendered":"https:\/\/www.maximtubes.com\/fr\/?page_id=87"},"modified":"2021-03-06T06:55:57","modified_gmt":"2021-03-06T06:55:57","slug":"packaging","status":"publish","type":"page","link":"https:\/\/www.maximtubes.com\/fr\/packaging\/","title":{"rendered":"Packaging"},"content":{"rendered":"<section id=\"main-container\" class=\"padding\">\r\n                <div id=\"pg-packaging\" class=\"content\">\r\n<div class=\"depend-block\">\r\n                        <div class=\"container\">\r\n                            <div class=\"row\">\r\n                                <div class=\"col-md-8\">\r\n                                    <h2 class=\"title\"><span>UNE FIABILIT\u00c9 <em>MAXIM<\/em>ALE<\/span>Avec des Produits Conformes, Constants et Fiables<\/h2>\r\n                                    <p>Maxim Tubes a toujours consid\u00e9r\u00e9 que les clients sont de la plus haute importance et que tous les produits doivent remplir leurs exigences. Cette id\u00e9ologie est \u00e9galement mise en place lors du processus d&#8217;emballement du produit fini. Tous les produits sont emball\u00e9s selon les demandes du client, et ils ne sont envoy\u00e9s qu&#8217;apr\u00e8s ces exigences remplies.<\/p>                                \r\n                                    <div class=\"row\">\r\n                                        <div class=\"col-md-10\">\r\n                                            <div class=\"pack-types\">\r\n                                                <h2 class=\"title2\">TYPES D\u2019EMBALLAGE<\/h2>\r\n                                                <ul class=\"type-circle\">\r\n                                                    <li><span>RESISTANT A LA MER<br> BOIS<br> CAISSE<\/span><\/li>\r\n                                                    <li><span>RESISTANT A LA MER<br> CAISSE<\/span><\/li>\r\n                                                    <li><span>HESSAIN<br> TISSU<\/span><\/li>\r\n\r\n                                                <\/ul>\r\n                                            <\/div>\r\n                                        <\/div>\r\n                                    <\/div>\r\n\r\n                                <\/div>\r\n                                <div class=\"col-md-4\"><\/div>\r\n                            <\/div>\r\n                        <\/div>\r\n                    <\/div>\r\n                    <div class=\"pack-modes padding text-center\">\r\n                        <div class=\"container\">\r\n                            <div class=\"row\">\r\n                                <div class=\"col\">\r\n                                    <h2 class=\"title2\">MODE D\u2019EMBALLAGE<\/h2>\r\n                                <\/div>\r\n                            <\/div>\r\n                            <div class=\"row\">\r\n                                <div class=\"col-md-4\">\r\n                                    <div class=\"block-wrapper\">\r\n                                        <span class=\"icon\"><img decoding=\"async\" src=\"https:\/\/www.maximtubes.com\/fr\/wp-content\/uploads\/2021\/02\/by-road.png\" alt=\"\" class=\"img-fluid\"><\/span>\r\n                                        <span class=\"icon-text\">Par la Route A Travers l\u2019Inde<\/span>\r\n                                    <\/div>\r\n                                <\/div>\r\n                                <div class=\"col-md-4\">\r\n                                    <div class=\"block-wrapper\">\r\n                                        <span class=\"icon\"><img decoding=\"async\" src=\"https:\/\/www.maximtubes.com\/fr\/wp-content\/uploads\/2021\/02\/by-sea.png\" alt=\"\" class=\"img-fluid\"><\/span>\r\n                                        <span class=\"icon-text\">Par La Mer, Internationalement<\/span>\r\n                                    <\/div>\r\n                                <\/div>\r\n                                <div class=\"col-md-4\">\r\n                                    <div class=\"block-wrapper\">\r\n                                        <span class=\"icon\"><img decoding=\"async\" src=\"https:\/\/www.maximtubes.com\/fr\/wp-content\/uploads\/2021\/02\/by-air.png\" alt=\"\" class=\"img-fluid\"><\/span>\r\n                                        <span class=\"icon-text\">Par Avion, Internationalement<\/span>\r\n                                    <\/div>\r\n                                <\/div>\r\n                            <\/div>\r\n                        <\/div>\r\n                    <\/div>\r\n                    <div class=\"dispatch-material\" style=\"background-image: url('https:\/\/www.maximtubes.com\/fr\/wp-content\/uploads\/2021\/02\/dispatch-material.jpg');\">\r\n                        <div class=\"container\">\r\n                            <div class=\"block align-items-center\">\r\n                                <span class=\"d-block text\">Une fois l\u2019emballage termin\u00e9, nous exp\u00e9dions les mat\u00e9riaux de diverses fa\u00e7ons :<br>(Pour l\u2019Export)<\/span>\r\n                                <ul class=\"ListStyle1 medium\">\r\n                                    <li>Toit Ouvert 20&#8242; &#038; 40&#8242;<\/li>\r\n                                    <li>Container \u00e0 Toit Ferm\u00e9 45&#8242;<\/li>\r\n                                    <li>Cargos FCL &#038; LCL<\/li>\r\n                                    <li>Container Fond Plat<\/li>                                   \r\n                                    <li>Container de Fret<\/li>                                   \r\n                                <\/ul>\r\n                            <\/div>\r\n                        <\/div>\r\n\r\n                    <\/div>\r\n                    <div class=\"dispatch-img\">\r\n                        <div class=\"container\">\r\n                            <div class=\"row\">\r\n                                <div class=\"col-md-4\">\r\n                                    <a href=\"https:\/\/www.maximtubes.com\/fr\/wp-content\/uploads\/2021\/02\/packaging01.jpg\" class=\"fancybox hover-effect\" rel=\"packaging\"><img decoding=\"async\" src=\"https:\/\/www.maximtubes.com\/fr\/wp-content\/uploads\/2021\/02\/packaging01.jpg\" alt=\"\" class=\"img-fluid\"><\/a>\r\n                                <\/div>\r\n                                <div class=\"col-md-4\">\r\n                                <a href=\"https:\/\/www.maximtubes.com\/fr\/wp-content\/uploads\/2021\/02\/packaging02.jpg\" class=\"fancybox hover-effect\" rel=\"packaging\"><img decoding=\"async\" src=\"https:\/\/www.maximtubes.com\/fr\/wp-content\/uploads\/2021\/03\/packaging02.jpg\" alt=\"\" class=\"img-fluid\"><\/a>\r\n                                <\/div>\r\n                                <div class=\"col-md-4\">\r\n                                <a href=\"https:\/\/www.maximtubes.com\/fr\/wp-content\/uploads\/2021\/02\/packaging03.jpg\" class=\"fancybox hover-effect\" rel=\"packaging\"><img decoding=\"async\" src=\"https:\/\/www.maximtubes.com\/fr\/wp-content\/uploads\/2021\/02\/packaging03.jpg\" alt=\"\" class=\"img-fluid\"><\/a>\r\n                                <\/div>\r\n                            <\/div>\r\n                        <\/div>\r\n                    <\/div>\r\n<\/div><\/section>","protected":false},"excerpt":{"rendered":"<p>UNE FIABILIT\u00c9 MAXIMALEAvec des Produits Conformes, Constants et Fiables Maxim Tubes a toujours consid\u00e9r\u00e9 que les clients sont de la plus haute importance et que tous les produits doivent remplir leurs exigences. Cette id\u00e9ologie est \u00e9galement mise en place lors du processus d&#8217;emballement du produit fini. Tous les produits sont emball\u00e9s selon les demandes du&hellip; <a class=\"more-link\" href=\"https:\/\/www.maximtubes.com\/fr\/packaging\/\">Continue reading <span class=\"screen-reader-text\">Packaging<\/span><\/a><\/p>\n","protected":false},"author":1,"featured_media":89,"parent":0,"menu_order":0,"comment_status":"closed","ping_status":"closed","template":"","meta":{"footnotes":""},"class_list":["post-87","page","type-page","status-publish","has-post-thumbnail","hentry","entry"],"_links":{"self":[{"href":"https:\/\/www.maximtubes.com\/fr\/wp-json\/wp\/v2\/pages\/87","targetHints":{"allow":["GET"]}}],"collection":[{"href":"https:\/\/www.maximtubes.com\/fr\/wp-json\/wp\/v2\/pages"}],"about":[{"href":"https:\/\/www.maximtubes.com\/fr\/wp-json\/wp\/v2\/types\/page"}],"author":[{"embeddable":true,"href":"https:\/\/www.maximtubes.com\/fr\/wp-json\/wp\/v2\/users\/1"}],"replies":[{"embeddable":true,"href":"https:\/\/www.maximtubes.com\/fr\/wp-json\/wp\/v2\/comments?post=87"}],"version-history":[{"count":7,"href":"https:\/\/www.maximtubes.com\/fr\/wp-json\/wp\/v2\/pages\/87\/revisions"}],"predecessor-version":[{"id":334,"href":"https:\/\/www.maximtubes.com\/fr\/wp-json\/wp\/v2\/pages\/87\/revisions\/334"}],"wp:featuredmedia":[{"embeddable":true,"href":"https:\/\/www.maximtubes.com\/fr\/wp-json\/wp\/v2\/media\/89"}],"wp:attachment":[{"href":"https:\/\/www.maximtubes.com\/fr\/wp-json\/wp\/v2\/media?parent=87"}],"curies":[{"name":"wp","href":"https:\/\/api.w.org\/{rel}","templated":true}]}}