{"id":109,"date":"2021-02-10T18:59:17","date_gmt":"2021-02-10T18:59:17","guid":{"rendered":"https:\/\/www.maximtubes.com\/it\/?page_id=109"},"modified":"2021-03-13T05:05:47","modified_gmt":"2021-03-13T05:05:47","slug":"industries-application","status":"publish","type":"page","link":"https:\/\/www.maximtubes.com\/it\/industries-application\/","title":{"rendered":"Settori Di Applicazione"},"content":{"rendered":"<section id=\"main-container\" class=\"padding\">\r\n                <div id=\"pg-industries\" class=\"content\">\r\n                    <div class=\"container\">\r\n                        <h2 class=\"title\"><span>Performance <em>Maxim<\/em>izzate<\/span>Grazie alle molteplici applicazioni dei nostri prodotti.<\/h2>\r\n                        <div class=\"row\">\r\n                            <div class=\"col-md-8 col-lg-7\">\r\n                                <p>La nostra vasta esperienza maturata in ambiti industriali, anche molto diversi tra loro, ci consente di fornire tubi di alta precisione capaci di soddifare anche le esigenze pi\u00f9 complesse. Offriamo soluzioni tubolari diversificate ed in accordo ai pi\u00f9 aggiornati Standard industriali quali ASTM, ASME, DIN EN, ecc. Competenza e capacit\u00e0 tecniche ci permettono di offrire un supporto personalizzato ed efficace. Siamo focalizzati soprattutto sulle particolari necessit\u00e0 dei mercati di nicchia di tutti i settori emergenti come:<\/p>\r\n                                <ul class=\"ListStyle1\">\r\n                                    <li>Produzione, esplorazione e trasporto di petrolio e gas Onshore e Offshore (OCTG \u2013 Oil Country Tubular Goods)<\/li>\r\n                                    <li>Scambiatori di calore, condensatori e recipienti a pressione<\/li>\r\n                                    <li>Industria chimica e petrolchimica<\/li>\r\n                                    <li>Energia nucleare e generatori di energia<\/li>\r\n                                    <li>Industria automobilistica<\/li>\r\n                                    <li>Industria aerospaziale<\/li>\r\n                                    <li>Industria marittima e ingegneria navale<\/li>\r\n                                    <li>Ingegneria meccanica e impiantistica<\/li>\r\n                                    <li>Progetti di liquefazione<\/li>\r\n                                    <li>Ferrovia<\/li>\r\n                                    <li>Settore criogenico<\/li>\r\n                                    <li>Settore dei Fertilizzanti<\/li>\r\n                                    <li>Sistemi di riscaldamento centralizzati<\/li>\r\n                                <\/ul>\r\n                            <\/div>\r\n                            <div class=\"col-md-4 col-lg-5\">\r\n                                <div class=\"pic\"><img decoding=\"async\" src=\"https:\/\/www.maximtubes.com\/it\/wp-content\/uploads\/2021\/02\/industries-and-application-pic.jpg\" alt=\"industries-and-application-pic\" class=\"img-fluid\"><\/div>\r\n                            <\/div>\r\n                        <\/div>\r\n\r\n                        <img decoding=\"async\" src=\"https:\/\/www.maximtubes.com\/it\/wp-content\/uploads\/2021\/02\/industries-and-application-collage.png\" alt=\"industries-and-application-collage\" class=\"img-fluid mt-5\">\r\n                    <\/div>\r\n                <\/div>\r\n            <\/section>","protected":false},"excerpt":{"rendered":"<p>Performance MaximizzateGrazie alle molteplici applicazioni dei nostri prodotti. La nostra vasta esperienza maturata in ambiti industriali, anche molto diversi tra loro, ci consente di fornire tubi di alta precisione capaci di soddifare anche le esigenze pi\u00f9 complesse. Offriamo soluzioni tubolari diversificate ed in accordo ai pi\u00f9 aggiornati Standard industriali quali ASTM, ASME, DIN EN, ecc.&hellip; <a class=\"more-link\" href=\"https:\/\/www.maximtubes.com\/it\/industries-application\/\">Continue reading <span class=\"screen-reader-text\">Settori Di Applicazione<\/span><\/a><\/p>\n","protected":false},"author":1,"featured_media":113,"parent":0,"menu_order":0,"comment_status":"closed","ping_status":"closed","template":"","meta":{"footnotes":""},"class_list":["post-109","page","type-page","status-publish","has-post-thumbnail","hentry","entry"],"_links":{"self":[{"href":"https:\/\/www.maximtubes.com\/it\/wp-json\/wp\/v2\/pages\/109","targetHints":{"allow":["GET"]}}],"collection":[{"href":"https:\/\/www.maximtubes.com\/it\/wp-json\/wp\/v2\/pages"}],"about":[{"href":"https:\/\/www.maximtubes.com\/it\/wp-json\/wp\/v2\/types\/page"}],"author":[{"embeddable":true,"href":"https:\/\/www.maximtubes.com\/it\/wp-json\/wp\/v2\/users\/1"}],"replies":[{"embeddable":true,"href":"https:\/\/www.maximtubes.com\/it\/wp-json\/wp\/v2\/comments?post=109"}],"version-history":[{"count":3,"href":"https:\/\/www.maximtubes.com\/it\/wp-json\/wp\/v2\/pages\/109\/revisions"}],"predecessor-version":[{"id":329,"href":"https:\/\/www.maximtubes.com\/it\/wp-json\/wp\/v2\/pages\/109\/revisions\/329"}],"wp:featuredmedia":[{"embeddable":true,"href":"https:\/\/www.maximtubes.com\/it\/wp-json\/wp\/v2\/media\/113"}],"wp:attachment":[{"href":"https:\/\/www.maximtubes.com\/it\/wp-json\/wp\/v2\/media?parent=109"}],"curies":[{"name":"wp","href":"https:\/\/api.w.org\/{rel}","templated":true}]}}